{"id":1776,"date":"2021-03-29T16:56:11","date_gmt":"2021-03-29T14:56:11","guid":{"rendered":"https:\/\/sirmiogreen.com\/contatti\/"},"modified":"2026-02-25T14:27:35","modified_gmt":"2026-02-25T13:27:35","slug":"contatti","status":"publish","type":"page","link":"http:\/\/sirmiogreen.com\/de\/contatti\/","title":{"rendered":"Kontakte"},"content":{"rendered":"\t\t<div data-elementor-type=\"wp-page\" data-elementor-id=\"1776\" class=\"elementor elementor-1776\" data-elementor-post-type=\"page\">\n\t\t\t\t\t\t<section class=\"elementor-section elementor-top-section elementor-element elementor-element-1e3c0225 elementor-section-full_width elementor-section-height-default elementor-section-height-default\" data-id=\"1e3c0225\" data-element_type=\"section\" data-e-type=\"section\">\n\t\t\t\t\t\t<div class=\"elementor-container elementor-column-gap-default\">\n\t\t\t\t\t<div class=\"elementor-column elementor-col-100 elementor-top-column elementor-element elementor-element-3d256a33\" data-id=\"3d256a33\" data-element_type=\"column\" data-e-type=\"column\">\n\t\t\t<div class=\"elementor-widget-wrap elementor-element-populated\">\n\t\t\t\t\t\t<section class=\"elementor-section elementor-inner-section elementor-element elementor-element-6d09bd96 elementor-section-height-min-height elementor-section-content-middle elementor-section-boxed elementor-section-height-default\" data-id=\"6d09bd96\" data-element_type=\"section\" data-e-type=\"section\" data-settings=\"{&quot;background_background&quot;:&quot;classic&quot;}\">\n\t\t\t\t\t\t\t<div class=\"elementor-background-overlay\"><\/div>\n\t\t\t\t\t\t\t<div class=\"elementor-container elementor-column-gap-default\">\n\t\t\t\t\t<div class=\"elementor-column elementor-col-33 elementor-inner-column elementor-element elementor-element-27d73d3\" data-id=\"27d73d3\" data-element_type=\"column\" data-e-type=\"column\">\n\t\t\t<div class=\"elementor-widget-wrap\">\n\t\t\t\t\t\t\t<\/div>\n\t\t<\/div>\n\t\t\t\t<div class=\"elementor-column elementor-col-33 elementor-inner-column elementor-element elementor-element-5da1a022\" data-id=\"5da1a022\" data-element_type=\"column\" data-e-type=\"column\">\n\t\t\t<div class=\"elementor-widget-wrap elementor-element-populated\">\n\t\t\t\t\t\t<div class=\"elementor-element elementor-element-6edac1a3 elementor-widget elementor-widget-heading\" data-id=\"6edac1a3\" data-element_type=\"widget\" data-e-type=\"widget\" data-widget_type=\"heading.default\">\n\t\t\t\t<div class=\"elementor-widget-container\">\n\t\t\t\t\t<h1 class=\"elementor-heading-title elementor-size-default\">Kontakte\n<\/h1>\t\t\t\t<\/div>\n\t\t\t\t<\/div>\n\t\t\t\t<div class=\"elementor-element elementor-element-35062f80 elementor-widget elementor-widget-text-editor\" data-id=\"35062f80\" data-element_type=\"widget\" data-e-type=\"widget\" data-widget_type=\"text-editor.default\">\n\t\t\t\t<div class=\"elementor-widget-container\">\n\t\t\t\t\t\t\t\t\t<p>In der Einsamkeit des Gartens, im Schatten einer Eiche, ohne irgendjemandem etwas aufzudr\u00e4ngen, ist es angenehm, einer herrlichen Unbeschwertheit zu fr\u00f6nen, Ideen und Bilder mit der gleichen Belanglosigkeit wie die Wolken am Himmel formen und aufl\u00f6sen zu lassen.<\/p>\t\t\t\t\t\t\t\t<\/div>\n\t\t\t\t<\/div>\n\t\t\t\t\t<\/div>\n\t\t<\/div>\n\t\t\t\t<div class=\"elementor-column elementor-col-33 elementor-inner-column elementor-element elementor-element-292ba485\" data-id=\"292ba485\" data-element_type=\"column\" data-e-type=\"column\">\n\t\t\t<div class=\"elementor-widget-wrap\">\n\t\t\t\t\t\t\t<\/div>\n\t\t<\/div>\n\t\t\t\t\t<\/div>\n\t\t<\/section>\n\t\t\t\t<section class=\"elementor-section elementor-inner-section elementor-element elementor-element-48c05bb7 elementor-section-boxed elementor-section-height-default elementor-section-height-default\" data-id=\"48c05bb7\" data-element_type=\"section\" data-e-type=\"section\">\n\t\t\t\t\t\t<div class=\"elementor-container elementor-column-gap-default\">\n\t\t\t\t\t<div class=\"elementor-column elementor-col-25 elementor-inner-column elementor-element elementor-element-4d91260d elementor-hidden-tablet elementor-hidden-phone\" data-id=\"4d91260d\" data-element_type=\"column\" data-e-type=\"column\">\n\t\t\t<div class=\"elementor-widget-wrap\">\n\t\t\t\t\t\t\t<\/div>\n\t\t<\/div>\n\t\t\t\t<div class=\"elementor-column elementor-col-25 elementor-inner-column elementor-element elementor-element-74c56f89\" data-id=\"74c56f89\" data-element_type=\"column\" data-e-type=\"column\">\n\t\t\t<div class=\"elementor-widget-wrap elementor-element-populated\">\n\t\t\t\t\t\t<div class=\"elementor-element elementor-element-2556b19f elementor-widget elementor-widget-heading\" data-id=\"2556b19f\" data-element_type=\"widget\" data-e-type=\"widget\" data-widget_type=\"heading.default\">\n\t\t\t\t<div class=\"elementor-widget-container\">\n\t\t\t\t\t<h3 class=\"elementor-heading-title elementor-size-default\">Kontakte<\/h3>\t\t\t\t<\/div>\n\t\t\t\t<\/div>\n\t\t\t\t<div class=\"elementor-element elementor-element-1eb4ae9f elementor-widget-divider--view-line elementor-widget elementor-widget-divider\" data-id=\"1eb4ae9f\" data-element_type=\"widget\" data-e-type=\"widget\" data-widget_type=\"divider.default\">\n\t\t\t\t<div class=\"elementor-widget-container\">\n\t\t\t\t\t\t\t<div class=\"elementor-divider\">\n\t\t\t<span class=\"elementor-divider-separator\">\n\t\t\t\t\t\t<\/span>\n\t\t<\/div>\n\t\t\t\t\t\t<\/div>\n\t\t\t\t<\/div>\n\t\t\t\t<div class=\"elementor-element elementor-element-4f49f5b7 elementor-position-left elementor-vertical-align-middle elementor-widget elementor-widget-image-box\" data-id=\"4f49f5b7\" data-element_type=\"widget\" data-e-type=\"widget\" data-widget_type=\"image-box.default\">\n\t\t\t\t<div class=\"elementor-widget-container\">\n\t\t\t\t\t<div class=\"elementor-image-box-wrapper\"><figure class=\"elementor-image-box-img\"><img decoding=\"async\" width=\"50\" height=\"50\" src=\"http:\/\/sirmiogreen.com\/wp-content\/uploads\/2021\/03\/ma.png\" class=\"attachment-full size-full wp-image-90\" alt=\"\" \/><\/figure><div class=\"elementor-image-box-content\"><h3 class=\"elementor-image-box-title\">Adresse<\/h3><p class=\"elementor-image-box-description\">Via Tintoretto, 21<br>\nSirmione BS<br>25019<\/p><\/div><\/div>\t\t\t\t<\/div>\n\t\t\t\t<\/div>\n\t\t\t\t<div class=\"elementor-element elementor-element-2929281e elementor-position-left elementor-vertical-align-middle elementor-widget elementor-widget-image-box\" data-id=\"2929281e\" data-element_type=\"widget\" data-e-type=\"widget\" data-widget_type=\"image-box.default\">\n\t\t\t\t<div class=\"elementor-widget-container\">\n\t\t\t\t\t<div class=\"elementor-image-box-wrapper\"><figure class=\"elementor-image-box-img\"><img decoding=\"async\" width=\"35\" height=\"52\" src=\"http:\/\/sirmiogreen.com\/wp-content\/uploads\/2021\/03\/phone.png\" class=\"attachment-full size-full wp-image-91\" alt=\"\" \/><\/figure><div class=\"elementor-image-box-content\"><h3 class=\"elementor-image-box-title\">Telefon<\/h3><p class=\"elementor-image-box-description\">+39.3246897174<\/p><\/div><\/div>\t\t\t\t<\/div>\n\t\t\t\t<\/div>\n\t\t\t\t<div class=\"elementor-element elementor-element-4a372209 elementor-position-left elementor-vertical-align-middle elementor-widget elementor-widget-image-box\" data-id=\"4a372209\" data-element_type=\"widget\" data-e-type=\"widget\" data-widget_type=\"image-box.default\">\n\t\t\t\t<div class=\"elementor-widget-container\">\n\t\t\t\t\t<div class=\"elementor-image-box-wrapper\"><figure class=\"elementor-image-box-img\"><img decoding=\"async\" width=\"48\" height=\"58\" src=\"http:\/\/sirmiogreen.com\/wp-content\/uploads\/2021\/03\/email.png\" class=\"attachment-full size-full wp-image-92\" alt=\"\" \/><\/figure><div class=\"elementor-image-box-content\"><h3 class=\"elementor-image-box-title\">Email<\/h3><p class=\"elementor-image-box-description\"><a href=\"mailto:info@sirmiogreen.com\">\ninfo@sirmiogreen.com\n<\/a>\n<\/p><\/div><\/div>\t\t\t\t<\/div>\n\t\t\t\t<\/div>\n\t\t\t\t\t<\/div>\n\t\t<\/div>\n\t\t\t\t<div class=\"elementor-column elementor-col-25 elementor-inner-column elementor-element elementor-element-679ed12a\" data-id=\"679ed12a\" data-element_type=\"column\" data-e-type=\"column\">\n\t\t\t<div class=\"elementor-widget-wrap elementor-element-populated\">\n\t\t\t\t\t\t<div class=\"elementor-element elementor-element-1970ece1 elementor-widget elementor-widget-heading\" data-id=\"1970ece1\" data-element_type=\"widget\" data-e-type=\"widget\" data-widget_type=\"heading.default\">\n\t\t\t\t<div class=\"elementor-widget-container\">\n\t\t\t\t\t<h3 class=\"elementor-heading-title elementor-size-default\">Schick uns eine Nachricht\n<\/h3>\t\t\t\t<\/div>\n\t\t\t\t<\/div>\n\t\t\t\t<div class=\"elementor-element elementor-element-71b6bdc1 elementor-widget-divider--view-line elementor-widget elementor-widget-divider\" data-id=\"71b6bdc1\" data-element_type=\"widget\" data-e-type=\"widget\" data-widget_type=\"divider.default\">\n\t\t\t\t<div class=\"elementor-widget-container\">\n\t\t\t\t\t\t\t<div class=\"elementor-divider\">\n\t\t\t<span class=\"elementor-divider-separator\">\n\t\t\t\t\t\t<\/span>\n\t\t<\/div>\n\t\t\t\t\t\t<\/div>\n\t\t\t\t<\/div>\n\t\t\t\t<div class=\"elementor-element elementor-element-7a3e2fe8 elementor-button-align-stretch elementor-widget elementor-widget-form\" data-id=\"7a3e2fe8\" data-element_type=\"widget\" data-e-type=\"widget\" data-settings=\"{&quot;button_width&quot;:&quot;40&quot;,&quot;step_next_label&quot;:&quot;Next&quot;,&quot;step_previous_label&quot;:&quot;Previous&quot;,&quot;button_width_tablet&quot;:&quot;60&quot;,&quot;step_type&quot;:&quot;number_text&quot;,&quot;step_icon_shape&quot;:&quot;circle&quot;}\" data-widget_type=\"form.default\">\n\t\t\t\t<div class=\"elementor-widget-container\">\n\t\t\t\t\t\t\t<form class=\"elementor-form\" method=\"post\" name=\"New Form\" aria-label=\"New Form\">\n\t\t\t<input type=\"hidden\" name=\"post_id\" value=\"1776\"\/>\n\t\t\t<input type=\"hidden\" name=\"form_id\" value=\"7a3e2fe8\"\/>\n\t\t\t<input type=\"hidden\" name=\"referer_title\" value=\"Kontakte - Sirmiogreen\" \/>\n\n\t\t\t\t\t\t\t<input type=\"hidden\" name=\"queried_id\" value=\"1776\"\/>\n\t\t\t\n\t\t\t<div class=\"elementor-form-fields-wrapper elementor-labels-above\">\n\t\t\t\t\t\t\t\t<div class=\"elementor-field-type-text elementor-field-group elementor-column elementor-field-group-name elementor-col-50\">\n\t\t\t\t\t\t\t\t\t\t\t\t<label for=\"form-field-name\" class=\"elementor-field-label\">\n\t\t\t\t\t\t\t\tNachname\t\t\t\t\t\t\t<\/label>\n\t\t\t\t\t\t\t\t\t\t\t\t\t\t<input size=\"1\" type=\"text\" name=\"form_fields[name]\" id=\"form-field-name\" class=\"elementor-field elementor-size-md  elementor-field-textual\">\n\t\t\t\t\t\t\t\t\t\t\t<\/div>\n\t\t\t\t\t\t\t\t<div class=\"elementor-field-type-email elementor-field-group elementor-column elementor-field-group-email elementor-col-50 elementor-field-required\">\n\t\t\t\t\t\t\t\t\t\t\t\t<label for=\"form-field-email\" class=\"elementor-field-label\">\n\t\t\t\t\t\t\t\tEmail\t\t\t\t\t\t\t<\/label>\n\t\t\t\t\t\t\t\t\t\t\t\t\t\t<input size=\"1\" type=\"email\" name=\"form_fields[email]\" id=\"form-field-email\" class=\"elementor-field elementor-size-md  elementor-field-textual\" required=\"required\">\n\t\t\t\t\t\t\t\t\t\t\t<\/div>\n\t\t\t\t\t\t\t\t<div class=\"elementor-field-type-number elementor-field-group elementor-column elementor-field-group-field_064538e elementor-col-50\">\n\t\t\t\t\t\t\t\t\t\t\t\t<label for=\"form-field-field_064538e\" class=\"elementor-field-label\">\n\t\t\t\t\t\t\t\tTelefon\t\t\t\t\t\t\t<\/label>\n\t\t\t\t\t\t\t\t\t<input type=\"number\" name=\"form_fields[field_064538e]\" id=\"form-field-field_064538e\" class=\"elementor-field elementor-size-md  elementor-field-textual\" min=\"\" max=\"\" >\n\t\t\t\t\t\t<\/div>\n\t\t\t\t\t\t\t\t<div class=\"elementor-field-type-text elementor-field-group elementor-column elementor-field-group-field_f5d1896 elementor-col-50\">\n\t\t\t\t\t\t\t\t\t\t\t\t<label for=\"form-field-field_f5d1896\" class=\"elementor-field-label\">\n\t\t\t\t\t\t\t\tOrt des Objekts\t\t\t\t\t\t\t<\/label>\n\t\t\t\t\t\t\t\t\t\t\t\t\t\t<input size=\"1\" type=\"text\" name=\"form_fields[field_f5d1896]\" id=\"form-field-field_f5d1896\" class=\"elementor-field elementor-size-md  elementor-field-textual\">\n\t\t\t\t\t\t\t\t\t\t\t<\/div>\n\t\t\t\t\t\t\t\t<div class=\"elementor-field-type-textarea elementor-field-group elementor-column elementor-field-group-message elementor-col-100\">\n\t\t\t\t\t\t\t\t\t\t\t\t<label for=\"form-field-message\" class=\"elementor-field-label\">\n\t\t\t\t\t\t\t\tNachricht\t\t\t\t\t\t\t<\/label>\n\t\t\t\t\t\t<textarea class=\"elementor-field-textual elementor-field  elementor-size-md\" name=\"form_fields[message]\" id=\"form-field-message\" rows=\"4\"><\/textarea>\t\t\t\t<\/div>\n\t\t\t\t\t\t\t\t<div class=\"elementor-field-type-acceptance elementor-field-group elementor-column elementor-field-group-field_15d2d77 elementor-col-100\">\n\t\t\t\t\t\t\t<div class=\"elementor-field-subgroup\">\n\t\t\t<span class=\"elementor-field-option\">\n\t\t\t\t<input type=\"checkbox\" name=\"form_fields[field_15d2d77]\" id=\"form-field-field_15d2d77\" class=\"elementor-field elementor-size-md  elementor-acceptance-field\">\n\t\t\t\t<label for=\"form-field-field_15d2d77\">Ich habe die Datenschutzerkl\u00e4rung gelesen und stimme der Speicherung meiner Daten in Ihrem Archiv gem\u00e4\u00df der europ\u00e4ischen Verordnung zum Schutz personenbezogener Daten n. 679\/2016, DSGVO. (Sie k\u00f6nnen sie l\u00f6schen oder eine Kopie anfordern, indem Sie eine explizite Anfrage an info@sirmiogreen.com stellen) (erforderlich)\n<\/label>\t\t\t<\/span>\n\t\t<\/div>\n\t\t\t\t\t\t<\/div>\n\t\t\t\t\t\t\t\t<div class=\"elementor-field-type-recaptcha_v3 elementor-field-group elementor-column elementor-field-group-field_903bc91 elementor-col-100 recaptcha_v3-inline\">\n\t\t\t\t\t<div class=\"elementor-field\" id=\"form-field-field_903bc91\"><div class=\"elementor-g-recaptcha\" data-sitekey=\"6Ld86a4iAAAAAOaAuzcyLUWCy5hciu9vaaFylnKS\" data-type=\"v3\" data-action=\"Form\" data-badge=\"inline\" data-size=\"invisible\"><\/div><\/div>\t\t\t\t<\/div>\n\t\t\t\t\t\t\t\t<div class=\"elementor-field-group elementor-column elementor-field-type-submit elementor-col-40 e-form__buttons elementor-md-60\">\n\t\t\t\t\t<button class=\"elementor-button elementor-size-sm\" type=\"submit\">\n\t\t\t\t\t\t<span class=\"elementor-button-content-wrapper\">\n\t\t\t\t\t\t\t\t\t\t\t\t\t\t\t\t\t\t\t\t\t\t<span class=\"elementor-button-text\">Nachricht senden<\/span>\n\t\t\t\t\t\t\t\t\t\t\t\t\t<\/span>\n\t\t\t\t\t<\/button>\n\t\t\t\t<\/div>\n\t\t\t<\/div>\n\t\t<\/form>\n\t\t\t\t\t\t<\/div>\n\t\t\t\t<\/div>\n\t\t\t\t\t<\/div>\n\t\t<\/div>\n\t\t\t\t<div class=\"elementor-column elementor-col-25 elementor-inner-column elementor-element elementor-element-6f97fee8 elementor-hidden-tablet elementor-hidden-phone\" data-id=\"6f97fee8\" data-element_type=\"column\" data-e-type=\"column\">\n\t\t\t<div class=\"elementor-widget-wrap\">\n\t\t\t\t\t\t\t<\/div>\n\t\t<\/div>\n\t\t\t\t\t<\/div>\n\t\t<\/section>\n\t\t\t\t<section class=\"elementor-section elementor-inner-section elementor-element elementor-element-4f2970ec elementor-section-full_width elementor-section-height-default elementor-section-height-default\" data-id=\"4f2970ec\" data-element_type=\"section\" data-e-type=\"section\">\n\t\t\t\t\t\t<div class=\"elementor-container elementor-column-gap-default\">\n\t\t\t\t\t<div class=\"elementor-column elementor-col-100 elementor-inner-column elementor-element elementor-element-17f051d3\" data-id=\"17f051d3\" data-element_type=\"column\" data-e-type=\"column\">\n\t\t\t<div class=\"elementor-widget-wrap elementor-element-populated\">\n\t\t\t\t\t\t<div class=\"elementor-element elementor-element-3e24b8e9 elementor-widget elementor-widget-google_maps\" data-id=\"3e24b8e9\" data-element_type=\"widget\" data-e-type=\"widget\" data-widget_type=\"google_maps.default\">\n\t\t\t\t<div class=\"elementor-widget-container\">\n\t\t\t\t\t\t\t<div class=\"elementor-custom-embed\">\n\t\t\t<iframe loading=\"lazy\"\n\t\t\t\t\tsrc=\"https:\/\/maps.google.com\/maps?q=via%20Tintoretto%2C%2021%20sirmione%20brescia&#038;t=m&#038;z=18&#038;output=embed&#038;iwloc=near\"\n\t\t\t\t\ttitle=\"via Tintoretto, 21 sirmione brescia\"\n\t\t\t\t\taria-label=\"via Tintoretto, 21 sirmione brescia\"\n\t\t\t><\/iframe>\n\t\t<\/div>\n\t\t\t\t\t\t<\/div>\n\t\t\t\t<\/div>\n\t\t\t\t\t<\/div>\n\t\t<\/div>\n\t\t\t\t\t<\/div>\n\t\t<\/section>\n\t\t\t\t\t<\/div>\n\t\t<\/div>\n\t\t\t\t\t<\/div>\n\t\t<\/section>\n\t\t\t\t<section class=\"elementor-section elementor-top-section elementor-element elementor-element-6505f40 elementor-section-boxed elementor-section-height-default elementor-section-height-default\" data-id=\"6505f40\" data-element_type=\"section\" data-e-type=\"section\">\n\t\t\t\t\t\t<div class=\"elementor-container elementor-column-gap-default\">\n\t\t\t\t\t<div class=\"elementor-column elementor-col-100 elementor-top-column elementor-element elementor-element-d783c06\" data-id=\"d783c06\" data-element_type=\"column\" data-e-type=\"column\">\n\t\t\t<div class=\"elementor-widget-wrap elementor-element-populated\">\n\t\t\t\t\t\t<div class=\"elementor-element elementor-element-0fe5097 elementor-widget elementor-widget-spacer\" data-id=\"0fe5097\" data-element_type=\"widget\" data-e-type=\"widget\" data-widget_type=\"spacer.default\">\n\t\t\t\t<div class=\"elementor-widget-container\">\n\t\t\t\t\t\t\t<div class=\"elementor-spacer\">\n\t\t\t<div class=\"elementor-spacer-inner\"><\/div>\n\t\t<\/div>\n\t\t\t\t\t\t<\/div>\n\t\t\t\t<\/div>\n\t\t\t\t\t<\/div>\n\t\t<\/div>\n\t\t\t\t\t<\/div>\n\t\t<\/section>\n\t\t\t\t<\/div>\n\t\t","protected":false},"excerpt":{"rendered":"<p>Kontakte In der Einsamkeit des Gartens, im Schatten einer Eiche, ohne irgendjemandem etwas aufzudr\u00e4ngen, ist es angenehm, einer herrlichen Unbeschwertheit zu fr\u00f6nen, Ideen und Bilder mit der gleichen Belanglosigkeit wie die Wolken am Himmel formen und aufl\u00f6sen zu lassen. Kontakte Adresse Via Tintoretto, 21 Sirmione BS25019 Telefon +39.3246897174 Email info@sirmiogreen.com Schick uns eine Nachricht<\/p>\n","protected":false},"author":6,"featured_media":0,"parent":0,"menu_order":0,"comment_status":"closed","ping_status":"closed","template":"elementor_header_footer","meta":{"footnotes":""},"class_list":["post-1776","page","type-page","status-publish","hentry"],"yoast_head":"<!-- This site is optimized with the Yoast SEO plugin v27.0 - https:\/\/yoast.com\/product\/yoast-seo-wordpress\/ -->\n<title>Kontakte - Sirmiogreen<\/title>\n<meta name=\"robots\" content=\"index, follow, max-snippet:-1, max-image-preview:large, max-video-preview:-1\" \/>\n<link rel=\"canonical\" href=\"https:\/\/sirmiogreen.com\/contatti-2\/\" \/>\n<meta property=\"og:locale\" content=\"de_DE\" \/>\n<meta property=\"og:type\" content=\"article\" \/>\n<meta property=\"og:title\" content=\"Kontakte - Sirmiogreen\" \/>\n<meta property=\"og:description\" content=\"Kontakte In der Einsamkeit des Gartens, im Schatten einer Eiche, ohne irgendjemandem etwas aufzudr\u00e4ngen, ist es angenehm, einer herrlichen Unbeschwertheit zu fr\u00f6nen, Ideen und Bilder mit der gleichen Belanglosigkeit wie die Wolken am Himmel formen und aufl\u00f6sen zu lassen. Kontakte Adresse Via Tintoretto, 21 Sirmione BS25019 Telefon +39.3246897174 Email info@sirmiogreen.com Schick uns eine Nachricht\" \/>\n<meta property=\"og:url\" content=\"https:\/\/sirmiogreen.com\/contatti-2\/\" \/>\n<meta property=\"og:site_name\" content=\"Sirmiogreen\" \/>\n<meta property=\"article:publisher\" content=\"https:\/\/www.facebook.com\/Sirmiogreen\/\" \/>\n<meta property=\"article:modified_time\" content=\"2026-02-25T13:27:35+00:00\" \/>\n<meta property=\"og:image\" content=\"http:\/\/sirmiogreen.com\/wp-content\/uploads\/2021\/03\/ma.png\" \/>\n<meta name=\"twitter:card\" content=\"summary_large_image\" \/>\n<meta name=\"twitter:label1\" content=\"Gesch\u00e4tzte Lesezeit\" \/>\n\t<meta name=\"twitter:data1\" content=\"2\u00a0Minuten\" \/>\n<script type=\"application\/ld+json\" class=\"yoast-schema-graph\">{\"@context\":\"https:\/\/schema.org\",\"@graph\":[{\"@type\":\"WebPage\",\"@id\":\"https:\/\/sirmiogreen.com\/contatti-2\/\",\"url\":\"https:\/\/sirmiogreen.com\/contatti-2\/\",\"name\":\"Kontakte - Sirmiogreen\",\"isPartOf\":{\"@id\":\"https:\/\/sirmiogreen.com\/#website\"},\"primaryImageOfPage\":{\"@id\":\"https:\/\/sirmiogreen.com\/contatti-2\/#primaryimage\"},\"image\":{\"@id\":\"https:\/\/sirmiogreen.com\/contatti-2\/#primaryimage\"},\"thumbnailUrl\":\"http:\/\/sirmiogreen.com\/wp-content\/uploads\/2021\/03\/ma.png\",\"datePublished\":\"2021-03-29T14:56:11+00:00\",\"dateModified\":\"2026-02-25T13:27:35+00:00\",\"breadcrumb\":{\"@id\":\"https:\/\/sirmiogreen.com\/contatti-2\/#breadcrumb\"},\"inLanguage\":\"de\",\"potentialAction\":[{\"@type\":\"ReadAction\",\"target\":[\"https:\/\/sirmiogreen.com\/contatti-2\/\"]}]},{\"@type\":\"ImageObject\",\"inLanguage\":\"de\",\"@id\":\"https:\/\/sirmiogreen.com\/contatti-2\/#primaryimage\",\"url\":\"http:\/\/sirmiogreen.com\/wp-content\/uploads\/2021\/03\/ma.png\",\"contentUrl\":\"http:\/\/sirmiogreen.com\/wp-content\/uploads\/2021\/03\/ma.png\"},{\"@type\":\"BreadcrumbList\",\"@id\":\"https:\/\/sirmiogreen.com\/contatti-2\/#breadcrumb\",\"itemListElement\":[{\"@type\":\"ListItem\",\"position\":1,\"name\":\"Home\",\"item\":\"https:\/\/sirmiogreen.com\/\"},{\"@type\":\"ListItem\",\"position\":2,\"name\":\"Kontakte\"}]},{\"@type\":\"WebSite\",\"@id\":\"https:\/\/sirmiogreen.com\/#website\",\"url\":\"https:\/\/sirmiogreen.com\/\",\"name\":\"Sirmiogreen\",\"description\":\"\",\"publisher\":{\"@id\":\"https:\/\/sirmiogreen.com\/#organization\"},\"potentialAction\":[{\"@type\":\"SearchAction\",\"target\":{\"@type\":\"EntryPoint\",\"urlTemplate\":\"https:\/\/sirmiogreen.com\/?s={search_term_string}\"},\"query-input\":{\"@type\":\"PropertyValueSpecification\",\"valueRequired\":true,\"valueName\":\"search_term_string\"}}],\"inLanguage\":\"de\"},{\"@type\":\"Organization\",\"@id\":\"https:\/\/sirmiogreen.com\/#organization\",\"name\":\"Sirmiogreen\",\"url\":\"https:\/\/sirmiogreen.com\/\",\"logo\":{\"@type\":\"ImageObject\",\"inLanguage\":\"de\",\"@id\":\"https:\/\/sirmiogreen.com\/#\/schema\/logo\/image\/\",\"url\":\"http:\/\/sirmiogreen.com\/wp-content\/uploads\/2021\/04\/logo-sirmiogreen-low.png\",\"contentUrl\":\"http:\/\/sirmiogreen.com\/wp-content\/uploads\/2021\/04\/logo-sirmiogreen-low.png\",\"width\":1000,\"height\":448,\"caption\":\"Sirmiogreen\"},\"image\":{\"@id\":\"https:\/\/sirmiogreen.com\/#\/schema\/logo\/image\/\"},\"sameAs\":[\"https:\/\/www.facebook.com\/Sirmiogreen\/\",\"https:\/\/www.instagram.com\/sirmiogreen\/\"]}]}<\/script>\n<!-- \/ Yoast SEO plugin. -->","yoast_head_json":{"title":"Kontakte - Sirmiogreen","robots":{"index":"index","follow":"follow","max-snippet":"max-snippet:-1","max-image-preview":"max-image-preview:large","max-video-preview":"max-video-preview:-1"},"canonical":"https:\/\/sirmiogreen.com\/contatti-2\/","og_locale":"de_DE","og_type":"article","og_title":"Kontakte - Sirmiogreen","og_description":"Kontakte In der Einsamkeit des Gartens, im Schatten einer Eiche, ohne irgendjemandem etwas aufzudr\u00e4ngen, ist es angenehm, einer herrlichen Unbeschwertheit zu fr\u00f6nen, Ideen und Bilder mit der gleichen Belanglosigkeit wie die Wolken am Himmel formen und aufl\u00f6sen zu lassen. Kontakte Adresse Via Tintoretto, 21 Sirmione BS25019 Telefon +39.3246897174 Email info@sirmiogreen.com Schick uns eine Nachricht","og_url":"https:\/\/sirmiogreen.com\/contatti-2\/","og_site_name":"Sirmiogreen","article_publisher":"https:\/\/www.facebook.com\/Sirmiogreen\/","article_modified_time":"2026-02-25T13:27:35+00:00","og_image":[{"url":"http:\/\/sirmiogreen.com\/wp-content\/uploads\/2021\/03\/ma.png","type":"","width":"","height":""}],"twitter_card":"summary_large_image","twitter_misc":{"Gesch\u00e4tzte Lesezeit":"2\u00a0Minuten"},"schema":{"@context":"https:\/\/schema.org","@graph":[{"@type":"WebPage","@id":"https:\/\/sirmiogreen.com\/contatti-2\/","url":"https:\/\/sirmiogreen.com\/contatti-2\/","name":"Kontakte - Sirmiogreen","isPartOf":{"@id":"https:\/\/sirmiogreen.com\/#website"},"primaryImageOfPage":{"@id":"https:\/\/sirmiogreen.com\/contatti-2\/#primaryimage"},"image":{"@id":"https:\/\/sirmiogreen.com\/contatti-2\/#primaryimage"},"thumbnailUrl":"http:\/\/sirmiogreen.com\/wp-content\/uploads\/2021\/03\/ma.png","datePublished":"2021-03-29T14:56:11+00:00","dateModified":"2026-02-25T13:27:35+00:00","breadcrumb":{"@id":"https:\/\/sirmiogreen.com\/contatti-2\/#breadcrumb"},"inLanguage":"de","potentialAction":[{"@type":"ReadAction","target":["https:\/\/sirmiogreen.com\/contatti-2\/"]}]},{"@type":"ImageObject","inLanguage":"de","@id":"https:\/\/sirmiogreen.com\/contatti-2\/#primaryimage","url":"http:\/\/sirmiogreen.com\/wp-content\/uploads\/2021\/03\/ma.png","contentUrl":"http:\/\/sirmiogreen.com\/wp-content\/uploads\/2021\/03\/ma.png"},{"@type":"BreadcrumbList","@id":"https:\/\/sirmiogreen.com\/contatti-2\/#breadcrumb","itemListElement":[{"@type":"ListItem","position":1,"name":"Home","item":"https:\/\/sirmiogreen.com\/"},{"@type":"ListItem","position":2,"name":"Kontakte"}]},{"@type":"WebSite","@id":"https:\/\/sirmiogreen.com\/#website","url":"https:\/\/sirmiogreen.com\/","name":"Sirmiogreen","description":"","publisher":{"@id":"https:\/\/sirmiogreen.com\/#organization"},"potentialAction":[{"@type":"SearchAction","target":{"@type":"EntryPoint","urlTemplate":"https:\/\/sirmiogreen.com\/?s={search_term_string}"},"query-input":{"@type":"PropertyValueSpecification","valueRequired":true,"valueName":"search_term_string"}}],"inLanguage":"de"},{"@type":"Organization","@id":"https:\/\/sirmiogreen.com\/#organization","name":"Sirmiogreen","url":"https:\/\/sirmiogreen.com\/","logo":{"@type":"ImageObject","inLanguage":"de","@id":"https:\/\/sirmiogreen.com\/#\/schema\/logo\/image\/","url":"http:\/\/sirmiogreen.com\/wp-content\/uploads\/2021\/04\/logo-sirmiogreen-low.png","contentUrl":"http:\/\/sirmiogreen.com\/wp-content\/uploads\/2021\/04\/logo-sirmiogreen-low.png","width":1000,"height":448,"caption":"Sirmiogreen"},"image":{"@id":"https:\/\/sirmiogreen.com\/#\/schema\/logo\/image\/"},"sameAs":["https:\/\/www.facebook.com\/Sirmiogreen\/","https:\/\/www.instagram.com\/sirmiogreen\/"]}]}},"_links":{"self":[{"href":"http:\/\/sirmiogreen.com\/de\/wp-json\/wp\/v2\/pages\/1776","targetHints":{"allow":["GET"]}}],"collection":[{"href":"http:\/\/sirmiogreen.com\/de\/wp-json\/wp\/v2\/pages"}],"about":[{"href":"http:\/\/sirmiogreen.com\/de\/wp-json\/wp\/v2\/types\/page"}],"author":[{"embeddable":true,"href":"http:\/\/sirmiogreen.com\/de\/wp-json\/wp\/v2\/users\/6"}],"replies":[{"embeddable":true,"href":"http:\/\/sirmiogreen.com\/de\/wp-json\/wp\/v2\/comments?post=1776"}],"version-history":[{"count":22,"href":"http:\/\/sirmiogreen.com\/de\/wp-json\/wp\/v2\/pages\/1776\/revisions"}],"predecessor-version":[{"id":3449,"href":"http:\/\/sirmiogreen.com\/de\/wp-json\/wp\/v2\/pages\/1776\/revisions\/3449"}],"wp:attachment":[{"href":"http:\/\/sirmiogreen.com\/de\/wp-json\/wp\/v2\/media?parent=1776"}],"curies":[{"name":"wp","href":"https:\/\/api.w.org\/{rel}","templated":true}]}}