{"id":1856,"date":"2021-03-29T17:08:43","date_gmt":"2021-03-29T15:08:43","guid":{"rendered":"https:\/\/sirmiogreen.com\/richiedi-preventivo\/"},"modified":"2022-10-25T13:02:33","modified_gmt":"2022-10-25T11:02:33","slug":"richiedi-preventivo","status":"publish","type":"page","link":"https:\/\/sirmiogreen.com\/de\/richiedi-preventivo\/","title":{"rendered":"Angebote"},"content":{"rendered":"\t\t<div data-elementor-type=\"wp-page\" data-elementor-id=\"1856\" class=\"elementor elementor-1856\" data-elementor-post-type=\"page\">\n\t\t\t\t\t\t<section class=\"elementor-section elementor-top-section elementor-element elementor-element-9f0c9d4 elementor-section-full_width elementor-section-height-default elementor-section-height-default\" data-id=\"9f0c9d4\" data-element_type=\"section\" data-e-type=\"section\" data-settings=\"{&quot;background_background&quot;:&quot;classic&quot;}\">\n\t\t\t\t\t\t<div class=\"elementor-container elementor-column-gap-default\">\n\t\t\t\t\t<div class=\"elementor-column elementor-col-33 elementor-top-column elementor-element elementor-element-1243fd2c\" data-id=\"1243fd2c\" data-element_type=\"column\" data-e-type=\"column\" data-settings=\"{&quot;background_background&quot;:&quot;classic&quot;}\">\n\t\t\t<div class=\"elementor-widget-wrap elementor-element-populated\">\n\t\t\t\t\t\t<div class=\"elementor-element elementor-element-66c0b3db elementor-widget elementor-widget-spacer\" data-id=\"66c0b3db\" data-element_type=\"widget\" data-e-type=\"widget\" data-widget_type=\"spacer.default\">\n\t\t\t\t<div class=\"elementor-widget-container\">\n\t\t\t\t\t\t\t<div class=\"elementor-spacer\">\n\t\t\t<div class=\"elementor-spacer-inner\"><\/div>\n\t\t<\/div>\n\t\t\t\t\t\t<\/div>\n\t\t\t\t<\/div>\n\t\t\t\t\t<\/div>\n\t\t<\/div>\n\t\t\t\t<div class=\"elementor-column elementor-col-33 elementor-top-column elementor-element elementor-element-2864bcc9\" data-id=\"2864bcc9\" data-element_type=\"column\" data-e-type=\"column\">\n\t\t\t<div class=\"elementor-widget-wrap elementor-element-populated\">\n\t\t\t\t\t\t<div class=\"elementor-element elementor-element-612b6233 elementor-widget elementor-widget-heading\" data-id=\"612b6233\" data-element_type=\"widget\" data-e-type=\"widget\" data-widget_type=\"heading.default\">\n\t\t\t\t<div class=\"elementor-widget-container\">\n\t\t\t\t\t<h3 class=\"elementor-heading-title elementor-size-default\">Fordern Sie ein kostenloses Angebot an<\/h3>\t\t\t\t<\/div>\n\t\t\t\t<\/div>\n\t\t\t\t<div class=\"elementor-element elementor-element-394861c elementor-widget elementor-widget-text-editor\" data-id=\"394861c\" data-element_type=\"widget\" data-e-type=\"widget\" data-widget_type=\"text-editor.default\">\n\t\t\t\t<div class=\"elementor-widget-container\">\n\t\t\t\t\t\t\t\t\t<p>Braucht Ihr Garten uns? Fordern Sie ein unverbindliches Angebot an!<br \/>Erz\u00e4hlen Sie uns am besten schon gleich von Ihren Vorstellungen und Pr\u00e4ferenzen. Bitte geben Sie auch die Kontaktdaten an unter denen wir Sie am besten erreichen k\u00f6nnen und wo sich Ihr Objekt befindet.<br \/><strong>Fabio Silvestri<\/strong>, der Inhaber von Sirmiogreen, kommt zu einer unverbindlichen Besichtigung auch gerne pers\u00f6nlich bei Ihnen vorbei.<\/p>\t\t\t\t\t\t\t\t<\/div>\n\t\t\t\t<\/div>\n\t\t\t\t<div class=\"elementor-element elementor-element-395e0fd4 elementor-widget-divider--view-line elementor-widget elementor-widget-divider\" data-id=\"395e0fd4\" data-element_type=\"widget\" data-e-type=\"widget\" data-widget_type=\"divider.default\">\n\t\t\t\t<div class=\"elementor-widget-container\">\n\t\t\t\t\t\t\t<div class=\"elementor-divider\">\n\t\t\t<span class=\"elementor-divider-separator\">\n\t\t\t\t\t\t<\/span>\n\t\t<\/div>\n\t\t\t\t\t\t<\/div>\n\t\t\t\t<\/div>\n\t\t\t\t<div class=\"elementor-element elementor-element-7f301cb elementor-button-align-stretch elementor-widget elementor-widget-form\" data-id=\"7f301cb\" data-element_type=\"widget\" data-e-type=\"widget\" data-settings=\"{&quot;step_next_label&quot;:&quot;Next&quot;,&quot;step_previous_label&quot;:&quot;Previous&quot;,&quot;button_width&quot;:&quot;100&quot;,&quot;step_type&quot;:&quot;number_text&quot;,&quot;step_icon_shape&quot;:&quot;circle&quot;}\" data-widget_type=\"form.default\">\n\t\t\t\t<div class=\"elementor-widget-container\">\n\t\t\t\t\t\t\t<form class=\"elementor-form\" method=\"post\" name=\"New Form\" aria-label=\"New Form\">\n\t\t\t<input type=\"hidden\" name=\"post_id\" value=\"1856\"\/>\n\t\t\t<input type=\"hidden\" name=\"form_id\" value=\"7f301cb\"\/>\n\t\t\t<input type=\"hidden\" name=\"referer_title\" value=\"Sirmiogreen\" \/>\n\n\t\t\t\n\t\t\t<div class=\"elementor-form-fields-wrapper elementor-labels-above\">\n\t\t\t\t\t\t\t\t<div class=\"elementor-field-type-text elementor-field-group elementor-column elementor-field-group-name elementor-col-100\">\n\t\t\t\t\t\t\t\t\t\t\t\t<label for=\"form-field-name\" class=\"elementor-field-label\">\n\t\t\t\t\t\t\t\tNome\t\t\t\t\t\t\t<\/label>\n\t\t\t\t\t\t\t\t\t\t\t\t\t\t<input size=\"1\" type=\"text\" name=\"form_fields[name]\" id=\"form-field-name\" class=\"elementor-field elementor-size-md  elementor-field-textual\">\n\t\t\t\t\t\t\t\t\t\t\t<\/div>\n\t\t\t\t\t\t\t\t<div class=\"elementor-field-type-email elementor-field-group elementor-column elementor-field-group-email elementor-col-100 elementor-field-required\">\n\t\t\t\t\t\t\t\t\t\t\t\t<label for=\"form-field-email\" class=\"elementor-field-label\">\n\t\t\t\t\t\t\t\tEmail\t\t\t\t\t\t\t<\/label>\n\t\t\t\t\t\t\t\t\t\t\t\t\t\t<input size=\"1\" type=\"email\" name=\"form_fields[email]\" id=\"form-field-email\" class=\"elementor-field elementor-size-md  elementor-field-textual\" required=\"required\">\n\t\t\t\t\t\t\t\t\t\t\t<\/div>\n\t\t\t\t\t\t\t\t<div class=\"elementor-field-type-number elementor-field-group elementor-column elementor-field-group-message elementor-col-100\">\n\t\t\t\t\t\t\t\t\t\t\t\t<label for=\"form-field-message\" class=\"elementor-field-label\">\n\t\t\t\t\t\t\t\tTelefono\t\t\t\t\t\t\t<\/label>\n\t\t\t\t\t\t\t\t\t<input type=\"number\" name=\"form_fields[message]\" id=\"form-field-message\" class=\"elementor-field elementor-size-md  elementor-field-textual\" min=\"\" max=\"\" >\n\t\t\t\t\t\t<\/div>\n\t\t\t\t\t\t\t\t<div class=\"elementor-field-type-text elementor-field-group elementor-column elementor-field-group-field_6302ff2 elementor-col-100\">\n\t\t\t\t\t\t\t\t\t\t\t\t<label for=\"form-field-field_6302ff2\" class=\"elementor-field-label\">\n\t\t\t\t\t\t\t\tOggetto\t\t\t\t\t\t\t<\/label>\n\t\t\t\t\t\t\t\t\t\t\t\t\t\t<input size=\"1\" type=\"text\" name=\"form_fields[field_6302ff2]\" id=\"form-field-field_6302ff2\" class=\"elementor-field elementor-size-md  elementor-field-textual\">\n\t\t\t\t\t\t\t\t\t\t\t<\/div>\n\t\t\t\t\t\t\t\t<div class=\"elementor-field-type-textarea elementor-field-group elementor-column elementor-field-group-field_e92a871 elementor-col-100\">\n\t\t\t\t\t\t\t\t\t\t\t\t<label for=\"form-field-field_e92a871\" class=\"elementor-field-label\">\n\t\t\t\t\t\t\t\tMessaggio\t\t\t\t\t\t\t<\/label>\n\t\t\t\t\t\t<textarea class=\"elementor-field-textual elementor-field  elementor-size-md\" name=\"form_fields[field_e92a871]\" id=\"form-field-field_e92a871\" rows=\"4\"><\/textarea>\t\t\t\t<\/div>\n\t\t\t\t\t\t\t\t<div class=\"elementor-field-type-acceptance elementor-field-group elementor-column elementor-field-group-field_41d0f67 elementor-col-100\">\n\t\t\t\t\t\t\t<div class=\"elementor-field-subgroup\">\n\t\t\t<span class=\"elementor-field-option\">\n\t\t\t\t<input type=\"checkbox\" name=\"form_fields[field_41d0f67]\" id=\"form-field-field_41d0f67\" class=\"elementor-field elementor-size-md  elementor-acceptance-field\">\n\t\t\t\t<label for=\"form-field-field_41d0f67\">Ho letto l'informativa privacy e acconsento alla memorizzazione dei miei dati nel vostro archivio secondo quanto stabilito dal regolamento europeo per la protezione dei dati personali n. 679\/2016, GDPR. (Potrai cancellarli o chiederne una copia facendo esplicita richiesta a sirmiogreen@libero.it) (richiesto)<\/label>\t\t\t<\/span>\n\t\t<\/div>\n\t\t\t\t\t\t<\/div>\n\t\t\t\t\t\t\t\t<div class=\"elementor-field-type-recaptcha_v3 elementor-field-group elementor-column elementor-field-group-field_08aa206 elementor-col-100 recaptcha_v3-inline\">\n\t\t\t\t\t<div class=\"elementor-field\" id=\"form-field-field_08aa206\"><div class=\"elementor-g-recaptcha\" data-sitekey=\"6Ld86a4iAAAAAOaAuzcyLUWCy5hciu9vaaFylnKS\" data-type=\"v3\" data-action=\"Form\" data-badge=\"inline\" data-size=\"invisible\"><\/div><\/div>\t\t\t\t<\/div>\n\t\t\t\t\t\t\t\t<div class=\"elementor-field-group elementor-column elementor-field-type-submit elementor-col-100 e-form__buttons\">\n\t\t\t\t\t<button class=\"elementor-button elementor-size-sm\" type=\"submit\">\n\t\t\t\t\t\t<span class=\"elementor-button-content-wrapper\">\n\t\t\t\t\t\t\t\t\t\t\t\t\t\t\t\t\t\t\t\t\t\t<span class=\"elementor-button-text\">Invia<\/span>\n\t\t\t\t\t\t\t\t\t\t\t\t\t<\/span>\n\t\t\t\t\t<\/button>\n\t\t\t\t<\/div>\n\t\t\t<\/div>\n\t\t<\/form>\n\t\t\t\t\t\t<\/div>\n\t\t\t\t<\/div>\n\t\t\t\t\t<\/div>\n\t\t<\/div>\n\t\t\t\t<div class=\"elementor-column elementor-col-33 elementor-top-column elementor-element elementor-element-4cfca9a5 elementor-hidden-tablet elementor-hidden-phone\" data-id=\"4cfca9a5\" data-element_type=\"column\" data-e-type=\"column\">\n\t\t\t<div class=\"elementor-widget-wrap\">\n\t\t\t\t\t\t\t<\/div>\n\t\t<\/div>\n\t\t\t\t\t<\/div>\n\t\t<\/section>\n\t\t\t\t<\/div>\n\t\t","protected":false},"excerpt":{"rendered":"<p>Fordern Sie ein kostenloses Angebot an Braucht Ihr Garten uns? Fordern Sie ein unverbindliches Angebot an!Erz\u00e4hlen Sie uns am besten schon gleich von Ihren Vorstellungen und Pr\u00e4ferenzen. Bitte geben Sie auch die Kontaktdaten an unter denen wir Sie am besten erreichen k\u00f6nnen und wo sich Ihr Objekt befindet.Fabio Silvestri, der Inhaber von Sirmiogreen, kommt zu [&hellip;]<\/p>\n","protected":false},"author":6,"featured_media":0,"parent":0,"menu_order":0,"comment_status":"closed","ping_status":"closed","template":"elementor_header_footer","meta":{"footnotes":""},"class_list":["post-1856","page","type-page","status-publish","hentry"],"yoast_head":"<!-- This site is optimized with the Yoast SEO plugin v27.0 - https:\/\/yoast.com\/product\/yoast-seo-wordpress\/ -->\n<title>Angebote - Sirmiogreen<\/title>\n<meta name=\"robots\" content=\"index, follow, max-snippet:-1, max-image-preview:large, max-video-preview:-1\" \/>\n<link rel=\"canonical\" href=\"https:\/\/sirmiogreen.com\/ru\/richiedi-preventivo\/\" \/>\n<meta property=\"og:locale\" content=\"de_DE\" \/>\n<meta property=\"og:type\" content=\"article\" \/>\n<meta property=\"og:title\" content=\"Angebote - Sirmiogreen\" \/>\n<meta property=\"og:description\" content=\"Fordern Sie ein kostenloses Angebot an Braucht Ihr Garten uns? Fordern Sie ein unverbindliches Angebot an!Erz\u00e4hlen Sie uns am besten schon gleich von Ihren Vorstellungen und Pr\u00e4ferenzen. Bitte geben Sie auch die Kontaktdaten an unter denen wir Sie am besten erreichen k\u00f6nnen und wo sich Ihr Objekt befindet.Fabio Silvestri, der Inhaber von Sirmiogreen, kommt zu [&hellip;]\" \/>\n<meta property=\"og:url\" content=\"https:\/\/sirmiogreen.com\/ru\/richiedi-preventivo\/\" \/>\n<meta property=\"og:site_name\" content=\"Sirmiogreen\" \/>\n<meta property=\"article:publisher\" content=\"https:\/\/www.facebook.com\/Sirmiogreen\/\" \/>\n<meta property=\"article:modified_time\" content=\"2022-10-25T11:02:33+00:00\" \/>\n<meta name=\"twitter:card\" content=\"summary_large_image\" \/>\n<meta name=\"twitter:label1\" content=\"Gesch\u00e4tzte Lesezeit\" \/>\n\t<meta name=\"twitter:data1\" content=\"1\u00a0Minute\" \/>\n<script type=\"application\/ld+json\" class=\"yoast-schema-graph\">{\"@context\":\"https:\/\/schema.org\",\"@graph\":[{\"@type\":\"WebPage\",\"@id\":\"https:\/\/sirmiogreen.com\/ru\/richiedi-preventivo\/\",\"url\":\"https:\/\/sirmiogreen.com\/ru\/richiedi-preventivo\/\",\"name\":\"Angebote - Sirmiogreen\",\"isPartOf\":{\"@id\":\"https:\/\/sirmiogreen.com\/#website\"},\"datePublished\":\"2021-03-29T15:08:43+00:00\",\"dateModified\":\"2022-10-25T11:02:33+00:00\",\"breadcrumb\":{\"@id\":\"https:\/\/sirmiogreen.com\/ru\/richiedi-preventivo\/#breadcrumb\"},\"inLanguage\":\"de\",\"potentialAction\":[{\"@type\":\"ReadAction\",\"target\":[\"https:\/\/sirmiogreen.com\/ru\/richiedi-preventivo\/\"]}]},{\"@type\":\"BreadcrumbList\",\"@id\":\"https:\/\/sirmiogreen.com\/ru\/richiedi-preventivo\/#breadcrumb\",\"itemListElement\":[{\"@type\":\"ListItem\",\"position\":1,\"name\":\"Home\",\"item\":\"https:\/\/sirmiogreen.com\/\"},{\"@type\":\"ListItem\",\"position\":2,\"name\":\"Angebote\"}]},{\"@type\":\"WebSite\",\"@id\":\"https:\/\/sirmiogreen.com\/#website\",\"url\":\"https:\/\/sirmiogreen.com\/\",\"name\":\"Sirmiogreen\",\"description\":\"\",\"publisher\":{\"@id\":\"https:\/\/sirmiogreen.com\/#organization\"},\"potentialAction\":[{\"@type\":\"SearchAction\",\"target\":{\"@type\":\"EntryPoint\",\"urlTemplate\":\"https:\/\/sirmiogreen.com\/?s={search_term_string}\"},\"query-input\":{\"@type\":\"PropertyValueSpecification\",\"valueRequired\":true,\"valueName\":\"search_term_string\"}}],\"inLanguage\":\"de\"},{\"@type\":\"Organization\",\"@id\":\"https:\/\/sirmiogreen.com\/#organization\",\"name\":\"Sirmiogreen\",\"url\":\"https:\/\/sirmiogreen.com\/\",\"logo\":{\"@type\":\"ImageObject\",\"inLanguage\":\"de\",\"@id\":\"https:\/\/sirmiogreen.com\/#\/schema\/logo\/image\/\",\"url\":\"https:\/\/sirmiogreen.com\/wp-content\/uploads\/2021\/04\/logo-sirmiogreen-low.png\",\"contentUrl\":\"https:\/\/sirmiogreen.com\/wp-content\/uploads\/2021\/04\/logo-sirmiogreen-low.png\",\"width\":1000,\"height\":448,\"caption\":\"Sirmiogreen\"},\"image\":{\"@id\":\"https:\/\/sirmiogreen.com\/#\/schema\/logo\/image\/\"},\"sameAs\":[\"https:\/\/www.facebook.com\/Sirmiogreen\/\",\"https:\/\/www.instagram.com\/sirmiogreen\/\"]}]}<\/script>\n<!-- \/ Yoast SEO plugin. -->","yoast_head_json":{"title":"Angebote - Sirmiogreen","robots":{"index":"index","follow":"follow","max-snippet":"max-snippet:-1","max-image-preview":"max-image-preview:large","max-video-preview":"max-video-preview:-1"},"canonical":"https:\/\/sirmiogreen.com\/ru\/richiedi-preventivo\/","og_locale":"de_DE","og_type":"article","og_title":"Angebote - Sirmiogreen","og_description":"Fordern Sie ein kostenloses Angebot an Braucht Ihr Garten uns? Fordern Sie ein unverbindliches Angebot an!Erz\u00e4hlen Sie uns am besten schon gleich von Ihren Vorstellungen und Pr\u00e4ferenzen. Bitte geben Sie auch die Kontaktdaten an unter denen wir Sie am besten erreichen k\u00f6nnen und wo sich Ihr Objekt befindet.Fabio Silvestri, der Inhaber von Sirmiogreen, kommt zu [&hellip;]","og_url":"https:\/\/sirmiogreen.com\/ru\/richiedi-preventivo\/","og_site_name":"Sirmiogreen","article_publisher":"https:\/\/www.facebook.com\/Sirmiogreen\/","article_modified_time":"2022-10-25T11:02:33+00:00","twitter_card":"summary_large_image","twitter_misc":{"Gesch\u00e4tzte Lesezeit":"1\u00a0Minute"},"schema":{"@context":"https:\/\/schema.org","@graph":[{"@type":"WebPage","@id":"https:\/\/sirmiogreen.com\/ru\/richiedi-preventivo\/","url":"https:\/\/sirmiogreen.com\/ru\/richiedi-preventivo\/","name":"Angebote - Sirmiogreen","isPartOf":{"@id":"https:\/\/sirmiogreen.com\/#website"},"datePublished":"2021-03-29T15:08:43+00:00","dateModified":"2022-10-25T11:02:33+00:00","breadcrumb":{"@id":"https:\/\/sirmiogreen.com\/ru\/richiedi-preventivo\/#breadcrumb"},"inLanguage":"de","potentialAction":[{"@type":"ReadAction","target":["https:\/\/sirmiogreen.com\/ru\/richiedi-preventivo\/"]}]},{"@type":"BreadcrumbList","@id":"https:\/\/sirmiogreen.com\/ru\/richiedi-preventivo\/#breadcrumb","itemListElement":[{"@type":"ListItem","position":1,"name":"Home","item":"https:\/\/sirmiogreen.com\/"},{"@type":"ListItem","position":2,"name":"Angebote"}]},{"@type":"WebSite","@id":"https:\/\/sirmiogreen.com\/#website","url":"https:\/\/sirmiogreen.com\/","name":"Sirmiogreen","description":"","publisher":{"@id":"https:\/\/sirmiogreen.com\/#organization"},"potentialAction":[{"@type":"SearchAction","target":{"@type":"EntryPoint","urlTemplate":"https:\/\/sirmiogreen.com\/?s={search_term_string}"},"query-input":{"@type":"PropertyValueSpecification","valueRequired":true,"valueName":"search_term_string"}}],"inLanguage":"de"},{"@type":"Organization","@id":"https:\/\/sirmiogreen.com\/#organization","name":"Sirmiogreen","url":"https:\/\/sirmiogreen.com\/","logo":{"@type":"ImageObject","inLanguage":"de","@id":"https:\/\/sirmiogreen.com\/#\/schema\/logo\/image\/","url":"https:\/\/sirmiogreen.com\/wp-content\/uploads\/2021\/04\/logo-sirmiogreen-low.png","contentUrl":"https:\/\/sirmiogreen.com\/wp-content\/uploads\/2021\/04\/logo-sirmiogreen-low.png","width":1000,"height":448,"caption":"Sirmiogreen"},"image":{"@id":"https:\/\/sirmiogreen.com\/#\/schema\/logo\/image\/"},"sameAs":["https:\/\/www.facebook.com\/Sirmiogreen\/","https:\/\/www.instagram.com\/sirmiogreen\/"]}]}},"_links":{"self":[{"href":"https:\/\/sirmiogreen.com\/de\/wp-json\/wp\/v2\/pages\/1856","targetHints":{"allow":["GET"]}}],"collection":[{"href":"https:\/\/sirmiogreen.com\/de\/wp-json\/wp\/v2\/pages"}],"about":[{"href":"https:\/\/sirmiogreen.com\/de\/wp-json\/wp\/v2\/types\/page"}],"author":[{"embeddable":true,"href":"https:\/\/sirmiogreen.com\/de\/wp-json\/wp\/v2\/users\/6"}],"replies":[{"embeddable":true,"href":"https:\/\/sirmiogreen.com\/de\/wp-json\/wp\/v2\/comments?post=1856"}],"version-history":[{"count":11,"href":"https:\/\/sirmiogreen.com\/de\/wp-json\/wp\/v2\/pages\/1856\/revisions"}],"predecessor-version":[{"id":3186,"href":"https:\/\/sirmiogreen.com\/de\/wp-json\/wp\/v2\/pages\/1856\/revisions\/3186"}],"wp:attachment":[{"href":"https:\/\/sirmiogreen.com\/de\/wp-json\/wp\/v2\/media?parent=1856"}],"curies":[{"name":"wp","href":"https:\/\/api.w.org\/{rel}","templated":true}]}}